{"id":14209,"date":"2021-12-07T21:46:55","date_gmt":"2021-12-07T20:46:55","guid":{"rendered":"http:\/\/anlux.localdev\/?page_id=14209"},"modified":"2026-03-30T09:10:09","modified_gmt":"2026-03-30T07:10:09","slug":"karrier","status":"publish","type":"page","link":"https:\/\/www.anlux.hu\/?page_id=14209","title":{"rendered":"Karrier lehet\u0151s\u00e9g az Antal \u00e9s Antal Kft -n\u00e9l!"},"content":{"rendered":"<p>[vc_row][vc_column][vc_toggle h4=&#8221;Karbantart\u00f3\/ Lakatos &#8211; nyitott&#8221; title=&#8221;Karbantart\u00f3\/ Lakatos &#8211; nyitott&#8221;]<strong><u>Feladatok:<\/u><\/strong><\/p>\n<ul>\n<li>A termel\u0151 berendez\u00e9sek \u00e9s hidraulika rendszerek karbantart\u00e1sa, el\u0151\u00edrt vizsg\u00e1latok lefolytat\u00e1sa<\/li>\n<li>Mechanikus hibaelh\u00e1r\u00edt\u00e1sok elv\u00e9gz\u00e9se<\/li>\n<li>\u00daj berendez\u00e9sek be\u00fczemel\u00e9s\u00e9ben val\u00f3 akt\u00edv r\u00e9szv\u00e9tel<\/li>\n<li>Dokument\u00e1ci\u00f3k gondoz\u00e1sa, a v\u00e9grehajtott munk\u00e1k dokument\u00e1l\u00e1sa<\/li>\n<\/ul>\n<p><strong><u>Elv\u00e1r\u00e1sok:<\/u><\/strong><\/p>\n<ul>\n<li>Szakir\u00e1ny\u00fa g\u00e9plakatos vagy g\u00e9pszerel\u0151 v\u00e9gzetts\u00e9g<\/li>\n<li>Gyakorlatias szersz\u00e1m \u00e9s g\u00e9pismeret (hidraulikus, pneumatikus \u00e9s mechanikus)<\/li>\n<li>J\u00f3 k\u00e9z\u00fcgyess\u00e9g, tanul\u00e9konys\u00e1g<\/li>\n<li>Prec\u00edz munkav\u00e9gz\u00e9s<\/li>\n<\/ul>\n<p><strong><u>El\u0151nyt jelent:<\/u><\/strong><\/p>\n<ul>\n<li>Hegeszt\u00e9sben val\u00f3 gyakorlat<\/li>\n<li>M\u0171szaki rajz olvas\u00e1si k\u00e9szs\u00e9g<\/li>\n<li>K\u00f6z\u00e9pfok\u00fa vagy technikusi v\u00e9gzetts\u00e9g<\/li>\n<\/ul>\n<p><strong><u>Amit k\u00edn\u00e1lunk:<\/u><\/strong><\/p>\n<ul>\n<li>Versenyk\u00e9pes javadalmaz\u00e1s<\/li>\n<li>Hossz\u00fa t\u00e1v\u00fa munkalehet\u0151s\u00e9g<\/li>\n<li>V\u00e1ltozatos munkak\u00f6r<\/li>\n<\/ul>\n<p><strong><u>Munkav\u00e9gz\u00e9s helye<\/u>:<\/strong> Debrecen<strong><u><br \/>\nKezd\u00e9s<\/u>:<\/strong> Azonnal<\/p>\n<p><strong><u>Jelentkez\u00e9s<\/u><\/strong><strong>:<\/strong> szem\u00e9lyesen 8:00 \u00e9s 15:00 k\u00f6z\u00f6tt a k\u00f6vetkez\u0151 telefonsz\u00e1mon <em>06-30-445-9160<\/em>[\/vc_toggle][vc_toggle h4=&#8221;Karbantart\u00f3\/ Villanyszerel\u0151 &#8211; nyitott&#8221; title=&#8221;Karbantart\u00f3\/ Villanyszerel\u0151 &#8211; nyitott&#8221; color=&#8221;purple&#8221;]<strong><u>Feladatok:<\/u><\/strong><\/p>\n<ul>\n<li>A termel\u0151 berendez\u00e9sek elektromos karbantart\u00e1si feladatainak rendszeres elv\u00e9gz\u00e9se, el\u0151\u00edrt vizsg\u00e1latok lefolytat\u00e1sa<\/li>\n<li>Elektromos hibaelh\u00e1r\u00edt\u00e1sok elv\u00e9gz\u00e9se<\/li>\n<li>\u00daj berendez\u00e9sek be\u00fczemel\u00e9s\u00e9ben, fejleszt\u00e9sekben val\u00f3 akt\u00edv r\u00e9szv\u00e9tel<\/li>\n<li>Dokument\u00e1ci\u00f3k gondoz\u00e1sa, a v\u00e9grehajtott munk\u00e1k dokument\u00e1l\u00e1sa<\/li>\n<\/ul>\n<p><strong><u>Elv\u00e1r\u00e1sok:<\/u><\/strong><\/p>\n<ul>\n<li>Szakir\u00e1ny\u00fa k\u00f6z\u00e9pfok\u00fa v\u00e9gzetts\u00e9g (er\u0151s \u00e9s gyenge\u00e1ram\u00fa ismeretek)<\/li>\n<li>Gyakorlatias szakismeret<\/li>\n<li>J\u00f3 k\u00e9z\u00fcgyess\u00e9g, tanul\u00e9konys\u00e1g<\/li>\n<li>Prec\u00edz munkav\u00e9gz\u00e9s<\/li>\n<\/ul>\n<ul>\n<li>Hasonl\u00f3 ter\u00fcleten szerzett t\u00f6bb \u00e9ves szakmai gyakorlat<\/li>\n<\/ul>\n<p><strong><u>El\u0151nyt jelent:<\/u><\/strong><\/p>\n<ul>\n<li>B\u00e1rmilyen idegen nyelv, illetve PLC ismerete<\/li>\n<li>Technikusi vagy magasabb v\u00e9gzetts\u00e9g<\/li>\n<\/ul>\n<p><strong><u>Amit k\u00edn\u00e1lunk:<\/u><\/strong><\/p>\n<ul>\n<li>Versenyk\u00e9pes javadalmaz\u00e1s<\/li>\n<li>Hossz\u00fa t\u00e1v\u00fa munkalehet\u0151s\u00e9g<\/li>\n<li>V\u00e1ltozatos munkak\u00f6r<\/li>\n<\/ul>\n<p><strong><u>Munkav\u00e9gz\u00e9s helye<\/u>:<\/strong> Debrecen<strong><u><br \/>\nKezd\u00e9s<\/u>:<\/strong>\u00a0Azonnal<\/p>\n<p><strong><u>Jelentkez\u00e9s<\/u><\/strong><strong>:<\/strong> szem\u00e9lyesen 8:00 \u00e9s 15:00 k\u00f6z\u00f6tt a k\u00f6vetkez\u0151 telefonsz\u00e1mon <em>06-30-445-9160<\/em>[\/vc_toggle][vc_toggle h4=&#8221;M\u0171szaki rajzol\u00f3 &#8211; nyitott&#8221; title=&#8221;M\u0171szaki rajzol\u00f3 &#8211; nyitott&#8221;]<span style=\"text-decoration: underline;\"><strong>Feladatok:<\/strong><\/span><\/p>\n<ul>\n<li>Term\u00e9kkoncepci\u00f3k kidolgoz\u00e1s\u00e1ban val\u00f3 r\u00e9szv\u00e9tel<\/li>\n<li>Gy\u00e1rt\u00e1st\u00e1mogat\u00e1s, megl\u00e9v\u0151 konstrukci\u00f3k jav\u00edt\u00e1sa, m\u0171anyag \u00e9s f\u00e9m alkatr\u00e9szek 3D tervez\u00e9se<\/li>\n<li>Rajzdokument\u00e1ci\u00f3k k\u00e9sz\u00edt\u00e9se \u00e9s gondoz\u00e1sa<\/li>\n<li>Term\u00e9kkatal\u00f3gusok elk\u00e9sz\u00edt\u00e9s\u00e9nek t\u00e1mogat\u00e1sa alkatr\u00e9sz, ill. \u00f6ssze\u00e1ll\u00edt\u00e1si rajzokkal<\/li>\n<\/ul>\n<p><span style=\"text-decoration: underline;\"><strong>Elv\u00e1r\u00e1sok:<\/strong><\/span><\/p>\n<ul>\n<li>AutoCAD, Inventor, MS Office gyakorlott haszn\u00e1lata<\/li>\n<li>G\u00e9p\u00e9szm\u00e9rn\u00f6ki v\u00e9gzetts\u00e9g (esetleg v\u00e9gz\u0151s hallgat\u00f3)<\/li>\n<li>Prec\u00edz munkav\u00e9gz\u00e9s, gyakorlatias \u00e9s kreat\u00edv gondolkod\u00e1sm\u00f3d<\/li>\n<\/ul>\n<p><span style=\"text-decoration: underline;\"><strong>El\u0151nyt jelent:<\/strong><\/span><\/p>\n<ul>\n<li>Gyakorlatias szersz\u00e1m \u00e9s g\u00e9pismeret (hidraulikus, pneumatikus \u00e9s mechanikus)<\/li>\n<li>Angol nyelvtud\u00e1s<\/li>\n<\/ul>\n<p><span style=\"text-decoration: underline;\"><strong>Amit k\u00edn\u00e1lunk:<\/strong><\/span><\/p>\n<ul>\n<li>Versenyk\u00e9pes javadalmaz\u00e1s<\/li>\n<li>Hossz\u00fa t\u00e1v\u00fa munkalehet\u0151s\u00e9g<\/li>\n<li>V\u00e1ltozatos munkak\u00f6r<\/li>\n<\/ul>\n<p><strong><span style=\"text-decoration: underline;\"><u>Munkav\u00e9gz\u00e9s helye<\/u><\/span>:<\/strong> Debrecen<strong><span style=\"text-decoration: underline;\"><br \/>\nKezd\u00e9s<\/span>: <\/strong>Azonnal<\/p>\n<p><span style=\"text-decoration: underline;\"><strong>Jelentkez\u00e9s:<\/strong><\/span> Szem\u00e9lyesen 8:00 \u00e9s 15:00 k\u00f6z\u00f6tt a k\u00f6vetkez\u0151 telefonsz\u00e1mon 06-30-445-9160[\/vc_toggle][vc_toggle h4=&#8221;Rakt\u00e1rvezet\u0151 &#8211; nyitott&#8221; title=&#8221;Rakt\u00e1rvezet\u0151 &#8211; nyitott&#8221;]<span style=\"text-decoration: underline;\"><strong>Feladatok:<\/strong><\/span><\/p>\n<ul>\n<li>Rakt\u00e1ri ter\u00fclet operat\u00edv ir\u00e1ny\u00edt\u00e1sa<\/li>\n<li>Rakt\u00e1ri dolgoz\u00f3k munk\u00e1j\u00e1nak szervez\u00e9se, fel\u00fcgyelete, a munkabeoszt\u00e1sok \u00f6sszehangol\u00e1sa<\/li>\n<li>\u00c1rubev\u00e9telez\u00e9s \u00e9s \u00e1rukiad\u00e1s megszervez\u00e9se, ellen\u0151rz\u00e9se<\/li>\n<li>Gy\u00e1rt\u00e1s rakt\u00e1ri kiszolg\u00e1l\u00e1s\u00e1nak megszervez\u00e9se<\/li>\n<li>K\u00e9szterm\u00e9k rakt\u00e1roz\u00e1s, \u00e9s a kisz\u00e1ll\u00edt\u00e1s fel\u00fcgyelete<\/li>\n<li>Kapcsolattart\u00e1s a termel\u00e9si egys\u00e9gekkel \u00e9s a logisztikai munkat\u00e1rsakkal<\/li>\n<li>Rakt\u00e1ri rendszer folyamatos fejleszt\u00e9se, rend kialak\u00edt\u00e1sa \u00e9s fenntart\u00e1sa<\/li>\n<li>Rakod\u00e1si el\u0151\u00edr\u00e1sok betart\u00e1sa \u00e9s ellen\u0151rz\u00e9se<\/li>\n<li>Rakod\u00f3g\u00e9pek, rakt\u00e1ri berendez\u00e9sek fel\u00fcgyelete, megfelel\u0151 m\u0171szaki \u00e1llapotuk biztos\u00edt\u00e1sa<\/li>\n<li>Eseti \u00e9s \u00e9ves k\u00f6telez\u0151 lelt\u00e1r megszervez\u00e9se<\/li>\n<li>K\u00e9szletfelel\u0151ss\u00e9g<\/li>\n<\/ul>\n<p><span style=\"text-decoration: underline;\"><strong>Elv\u00e1r\u00e1sok:<\/strong><\/span><\/p>\n<ul>\n<li>Rakt\u00e1roz\u00e1si folyamatok ismerete, gyakorlati alkalmaz\u00e1sa<\/li>\n<li>Eredm\u00e9nyorient\u00e1lt hozz\u00e1\u00e1ll\u00e1s<\/li>\n<li>Felel\u0151ss\u00e9gtudat, szak\u00e9rt\u0151i szeml\u00e9let<\/li>\n<li>Dinamikus, prec\u00edz, rendszeret\u0151 be\u00e1ll\u00edtotts\u00e1g<\/li>\n<li>MS Office programok gyakorlati ismerete<\/li>\n<\/ul>\n<p><span style=\"text-decoration: underline;\"><strong>El\u0151nyt jelent:<\/strong><\/span><\/p>\n<ul>\n<li>Szakir\u00e1ny\u00fa v\u00e9gzetts\u00e9g<\/li>\n<\/ul>\n<p><span style=\"text-decoration: underline;\"><strong>Amit k\u00edn\u00e1lunk:<\/strong><\/span><\/p>\n<ul>\n<li>Versenyk\u00e9pes javadalmaz\u00e1s<\/li>\n<li>Hossz\u00fa t\u00e1v\u00fa munkalehet\u0151s\u00e9g<\/li>\n<li>V\u00e1ltozatos munkak\u00f6r<\/li>\n<\/ul>\n<p><strong><span style=\"text-decoration: underline;\"><u>Munkav\u00e9gz\u00e9s helye<\/u><\/span>:<\/strong> Debrecen<strong><span style=\"text-decoration: underline;\"><br \/>\nKezd\u00e9s<\/span>: <\/strong>Azonnal<\/p>\n<p><span style=\"text-decoration: underline;\"><strong>Jelentkez\u00e9s:<\/strong><\/span> \u00d6n\u00e9letrajz bek\u00fcld\u00e9s\u00e9vel a k\u00f6vetkez\u0151 e-mail c\u00edmre: anlux@anlux.hu[\/vc_toggle][vc_toggle h4=&#8221;M\u0171szaki adatr\u00f6gz\u00edt\u0151 &#8211; nyitott&#8221; title=&#8221;Rakt\u00e1rvezet\u0151 &#8211; nyitott&#8221;]<span style=\"text-decoration: underline;\"><strong>Feladatok:<\/strong><\/span><\/p>\n<ul>\n<li>Rendel\u00e9sek adatb\u00e1zisba t\u00f6rt\u00e9n\u0151 ber\u00f6gz\u00edt\u00e9se<\/li>\n<li>\u00dcgyfelekkel val\u00f3 kapcsolattart\u00e1s<\/li>\n<\/ul>\n<p><span style=\"text-decoration: underline;\"><strong>Elv\u00e1r\u00e1sok:<\/strong><\/span><\/p>\n<ul>\n<li>Eredm\u00e9nyorient\u00e1lt hozz\u00e1\u00e1ll\u00e1s<\/li>\n<li>M\u0171szaki \u00e9rdekl\u0151d\u00e9s<\/li>\n<li>Precizit\u00e1s<\/li>\n<li>MS Office programok gyakorlati ismerete<\/li>\n<\/ul>\n<p><span style=\"text-decoration: underline;\"><strong>Amit k\u00edn\u00e1lunk:<\/strong><\/span><\/p>\n<ul>\n<li>Versenyk\u00e9pes javadalmaz\u00e1s<\/li>\n<li>Hossz\u00fa t\u00e1v\u00fa munkalehet\u0151s\u00e9g<\/li>\n<li>V\u00e1ltozatos munkak\u00f6r<\/li>\n<\/ul>\n<p><strong><span style=\"text-decoration: underline;\"><u>Munkav\u00e9gz\u00e9s helye<\/u><\/span>: <\/strong>Debrecen<strong><span style=\"text-decoration: underline;\"><br \/>\nKezd\u00e9s:<\/span><\/strong> Azonnal<\/p>\n<p><span style=\"text-decoration: underline;\"><strong>Jelentkez\u00e9s:<\/strong><\/span> \u00d6n\u00e9letrajz bek\u00fcld\u00e9s\u00e9vel a k\u00f6vetkez\u0151 e-mail c\u00edmre: anlux@anlux.hu[\/vc_toggle][\/vc_column][\/vc_row]<\/p>\n","protected":false},"excerpt":{"rendered":"<p>[vc_row][vc_column][vc_toggle h4=&#8221;Karbantart\u00f3\/ Lakatos &#8211; nyitott&#8221; title=&#8221;Karbantart\u00f3\/ Lakatos &#8211; nyitott&#8221;]Feladatok: A termel\u0151 berendez\u00e9sek \u00e9s hidraulika rendszerek karbantart\u00e1sa, el\u0151\u00edrt vizsg\u00e1latok lefolytat\u00e1sa Mechanikus hibaelh\u00e1r\u00edt\u00e1sok elv\u00e9gz\u00e9se \u00daj berendez\u00e9sek be\u00fczemel\u00e9s\u00e9ben val\u00f3 akt\u00edv r\u00e9szv\u00e9tel Dokument\u00e1ci\u00f3k gondoz\u00e1sa, a v\u00e9grehajtott munk\u00e1k dokument\u00e1l\u00e1sa Elv\u00e1r\u00e1sok: Szakir\u00e1ny\u00fa g\u00e9plakatos vagy g\u00e9pszerel\u0151 v\u00e9gzetts\u00e9g Gyakorlatias szersz\u00e1m \u00e9s g\u00e9pismeret (hidraulikus, pneumatikus \u00e9s mechanikus) J\u00f3 k\u00e9z\u00fcgyess\u00e9g, tanul\u00e9konys\u00e1g Prec\u00edz munkav\u00e9gz\u00e9s El\u0151nyt jelent:&#8230;<\/p>\n<p><a rel=\"bookmark\" class=\"theme-button-text wvc-button wvc-button-size-xs\" href=\"https:\/\/www.anlux.hu\/?page_id=14209\"><small class=\"wvc-button-background-fill\"><\/small><span>Continue reading<\/span><\/a><\/p>\n","protected":false},"author":1,"featured_media":14162,"parent":0,"menu_order":0,"comment_status":"closed","ping_status":"closed","template":"","meta":{"footnotes":""},"class_list":{"0":"post-14209","1":"page","2":"type-page","3":"status-publish","4":"has-post-thumbnail","5":"hentry","6":"entry","7":"clearfix","8":"entry-grid","9":"entry-columns-default","10":"entry-page-module-layout-standard","11":"thumbnail-color-tone-dark","12":"metro-landscape","13":"entry-page","15":"entry-page-grid"},"_links":{"self":[{"href":"https:\/\/www.anlux.hu\/index.php?rest_route=\/wp\/v2\/pages\/14209","targetHints":{"allow":["GET"]}}],"collection":[{"href":"https:\/\/www.anlux.hu\/index.php?rest_route=\/wp\/v2\/pages"}],"about":[{"href":"https:\/\/www.anlux.hu\/index.php?rest_route=\/wp\/v2\/types\/page"}],"author":[{"embeddable":true,"href":"https:\/\/www.anlux.hu\/index.php?rest_route=\/wp\/v2\/users\/1"}],"replies":[{"embeddable":true,"href":"https:\/\/www.anlux.hu\/index.php?rest_route=%2Fwp%2Fv2%2Fcomments&post=14209"}],"version-history":[{"count":9,"href":"https:\/\/www.anlux.hu\/index.php?rest_route=\/wp\/v2\/pages\/14209\/revisions"}],"predecessor-version":[{"id":17307,"href":"https:\/\/www.anlux.hu\/index.php?rest_route=\/wp\/v2\/pages\/14209\/revisions\/17307"}],"wp:featuredmedia":[{"embeddable":true,"href":"https:\/\/www.anlux.hu\/index.php?rest_route=\/wp\/v2\/media\/14162"}],"wp:attachment":[{"href":"https:\/\/www.anlux.hu\/index.php?rest_route=%2Fwp%2Fv2%2Fmedia&parent=14209"}],"curies":[{"name":"wp","href":"https:\/\/api.w.org\/{rel}","templated":true}]}}