{"id":158,"date":"2019-05-01T11:57:50","date_gmt":"2019-05-01T11:57:50","guid":{"rendered":"https:\/\/stage.wolfthemes.live\/fradence\/?page_id=158"},"modified":"2022-01-27T09:08:21","modified_gmt":"2022-01-27T08:08:21","slug":"elerhetosegeink","status":"publish","type":"page","link":"https:\/\/www.anlux.hu\/?page_id=158","title":{"rendered":"Vegye fel vel\u00fcnk a kapcsolatot, k\u00e9rdezzen b\u00e1tran!"},"content":{"rendered":"<p>[vc_row equal_height=&#8221;&#8221; border_color=&#8221;custom&#8221; border_style=&#8221;solid&#8221; gap=&#8221;60&#8243; shift_y=&#8221;0&#8243; z_index=&#8221;0&#8243; css=&#8221;.vc_custom_1569495226213{border-top-width: 0px !important;border-bottom-width: 0px !important;}&#8221; border_custom_color=&#8221;rgba(0,0,0,0.06)&#8221;][vc_column width=&#8221;1\/4&#8243;][vc_column_text]<\/p>\n<h3>E-mail<\/h3>\n<p><strong>K\u00f6zponti e-mail<br \/>\n<\/strong><a href=\"mailto:iroda@anlux.hu\">iroda@anlux.hu<\/a><\/p>\n<p><strong>Beszerz\u00e9s<br \/>\n<\/strong><a href=\"mailto:anlux@anlux.hu\">anlux@anlux.hu<\/a><\/p>\n<p><strong>K\u00fclf\u00f6ldi \u00e9rt\u00e9kes\u00edt\u00e9s<br \/>\n<\/strong><a href=\"mailto:anluxexport@anlux.hu\">anluxexport@anlux.hu<\/a>[\/vc_column_text][\/vc_column][vc_column width=&#8221;1\/4&#8243;][vc_column_text]<\/p>\n<h3>Telephely<\/h3>\n<p>4030 Debrecen, H\u00e9tvez\u00e9r u. 16.<br \/>\nFAX\/TELEFON<br \/>\n+ 36 52 471 705[\/vc_column_text][\/vc_column][vc_column width=&#8221;1\/4&#8243;][vc_column_text]<\/p>\n<h3>Sz\u00e9khely<\/h3>\n<p>4030 Debrecen, Monostorp\u00e1lyi 9-11[\/vc_column_text][\/vc_column][vc_column width=&#8221;1\/4&#8243;][vc_column_text]<\/p>\n<h3>\u00dczleteink<\/h3>\n<p>5600 B\u00e9k\u00e9scsaba, Szarvasi \u00fat 5.<br \/>\nTel.\/Fax.: 36-66 \/ 441-623<br \/>\nE-mail.\/ <a href=\"mailto:anluxbcs@anlux.hu\">anluxbcs@anlux.hu<\/a><\/p>\n<p>4034 Debrecen, H\u00e9tvez\u00e9r utca 16.<br \/>\nTel.\/36-52 \/ 471 705<br \/>\nE-mail.\/ <a href=\"mailto:iroda@anlux.hu\">iroda@anlux.hu<\/a>[\/vc_column_text][\/vc_column][\/vc_row][vc_row][vc_column]<p>[vc_row content_width=\"full\" equal_height=\"\" shift_y=\"0\" z_index=\"0\"][vc_column][wvc_google_maps locations=\"%5B%7B%22name%22%3A%22Milan%201635%20Franklin%20Street%20Montgomery%20AL%2036104%22%2C%22coordinates%22%3A%2245.467659%2C%209.197174%22%7D%2C%7B%22name%22%3A%22Wien%201635%20Franklin%20Street%20Montgomery%20AL%2036104%22%2C%22coordinates%22%3A%2248.206482%2C%2016.371047%22%7D%2C%7B%22name%22%3A%22Warzawa%201635%20Franklin%20Street%20Montgomery%20AL%2036104%22%2C%22coordinates%22%3A%2252.233557%2C%2021.002685%22%7D%2C%7B%22name%22%3A%22Praha%201635%20Franklin%20Street%20Montgomery%20AL%2036104%22%2C%22coordinates%22%3A%2250.088916%2C%2014.424116%22%7D%5D\" map_skin=\"custom\" zoom=\"5\" marker_color=\"accent\" custom_map_skin=\"JTVCJTBBJTIwJTIwJTIwJTIwJTdCJTBBJTIwJTIwJTIwJTIwJTIwJTIwJTIwJTIwJTIyZmVhdHVyZVR5cGUlMjIlM0ElMjAlMjJhZG1pbmlzdHJhdGl2ZSUyMiUyQyUwQSUyMCUyMCUyMCUyMCUyMCUyMCUyMCUyMCUyMmVsZW1lbnRUeXBlJTIyJTNBJTIwJTIyYWxsJTIyJTJDJTBBJTIwJTIwJTIwJTIwJTIwJTIwJTIwJTIwJTIyc3R5bGVycyUyMiUzQSUyMCU1QiUwQSUyMCUyMCUyMCUyMCUyMCUyMCUyMCUyMCUyMCUyMCUyMCUyMCU3QiUwQSUyMCUyMCUyMCUyMCUyMCUyMCUyMCUyMCUyMCUyMCUyMCUyMCUyMCUyMCUyMCUyMCUyMnNhdHVyYXRpb24lMjIlM0ElMjAlMjItMTAwJTIyJTBBJTIwJTIwJTIwJTIwJTIwJTIwJTIwJTIwJTIwJTIwJTIwJTIwJTdEJTBBJTIwJTIwJTIwJTIwJTIwJTIwJTIwJTIwJTVEJTBBJTIwJTIwJTIwJTIwJTdEJTJDJTBBJTIwJTIwJTIwJTIwJTdCJTBBJTIwJTIwJTIwJTIwJTIwJTIwJTIwJTIwJTIyZmVhdHVyZVR5cGUlMjIlM0ElMjAlMjJhZG1pbmlzdHJhdGl2ZS5wcm92aW5jZSUyMiUyQyUwQSUyMCUyMCUyMCUyMCUyMCUyMCUyMCUyMCUyMmVsZW1lbnRUeXBlJTIyJTNBJTIwJTIyYWxsJTIyJTJDJTBBJTIwJTIwJTIwJTIwJTIwJTIwJTIwJTIwJTIyc3R5bGVycyUyMiUzQSUyMCU1QiUwQSUyMCUyMCUyMCUyMCUyMCUyMCUyMCUyMCUyMCUyMCUyMCUyMCU3QiUwQSUyMCUyMCUyMCUyMCUyMCUyMCUyMCUyMCUyMCUyMCUyMCUyMCUyMCUyMCUyMCUyMCUyMnZpc2liaWxpdHklMjIlM0ElMjAlMjJvZmYlMjIlMEElMjAlMjAlMjAlMjAlMjAlMjAlMjAlMjAlMjAlMjAlMjAlMjAlN0QlMEElMjAlMjAlMjAlMjAlMjAlMjAlMjAlMjAlNUQlMEElMjAlMjAlMjAlMjAlN0QlMkMlMEElMjAlMjAlMjAlMjAlN0IlMEElMjAlMjAlMjAlMjAlMjAlMjAlMjAlMjAlMjJmZWF0dXJlVHlwZSUyMiUzQSUyMCUyMmxhbmRzY2FwZSUyMiUyQyUwQSUyMCUyMCUyMCUyMCUyMCUyMCUyMCUyMCUyMmVsZW1lbnRUeXBlJTIyJTNBJTIwJTIyYWxsJTIyJTJDJTBBJTIwJTIwJTIwJTIwJTIwJTIwJTIwJTIwJTIyc3R5bGVycyUyMiUzQSUyMCU1QiUwQSUyMCUyMCUyMCUyMCUyMCUyMCUyMCUyMCUyMCUyMCUyMCUyMCU3QiUwQSUyMCUyMCUyMCUyMCUyMCUyMCUyMCUyMCUyMCUyMCUyMCUyMCUyMCUyMCUyMCUyMCUyMnNhdHVyYXRpb24lMjIlM0ElMjAtMTAwJTBBJTIwJTIwJTIwJTIwJTIwJTIwJTIwJTIwJTIwJTIwJTIwJTIwJTdEJTJDJTBBJTIwJTIwJTIwJTIwJTIwJTIwJTIwJTIwJTIwJTIwJTIwJTIwJTdCJTBBJTIwJTIwJTIwJTIwJTIwJTIwJTIwJTIwJTIwJTIwJTIwJTIwJTIwJTIwJTIwJTIwJTIybGlnaHRuZXNzJTIyJTNBJTIwNjUlMEElMjAlMjAlMjAlMjAlMjAlMjAlMjAlMjAlMjAlMjAlMjAlMjAlN0QlMkMlMEElMjAlMjAlMjAlMjAlMjAlMjAlMjAlMjAlMjAlMjAlMjAlMjAlN0IlMEElMjAlMjAlMjAlMjAlMjAlMjAlMjAlMjAlMjAlMjAlMjAlMjAlMjAlMjAlMjAlMjAlMjJ2aXNpYmlsaXR5JTIyJTNBJTIwJTIyb24lMjIlMEElMjAlMjAlMjAlMjAlMjAlMjAlMjAlMjAlMjAlMjAlMjAlMjAlN0QlMEElMjAlMjAlMjAlMjAlMjAlMjAlMjAlMjAlNUQlMEElMjAlMjAlMjAlMjAlN0QlMkMlMEElMjAlMjAlMjAlMjAlN0IlMEElMjAlMjAlMjAlMjAlMjAlMjAlMjAlMjAlMjJmZWF0dXJlVHlwZSUyMiUzQSUyMCUyMnBvaSUyMiUyQyUwQSUyMCUyMCUyMCUyMCUyMCUyMCUyMCUyMCUyMmVsZW1lbnRUeXBlJTIyJTNBJTIwJTIyYWxsJTIyJTJDJTBBJTIwJTIwJTIwJTIwJTIwJTIwJTIwJTIwJTIyc3R5bGVycyUyMiUzQSUyMCU1QiUwQSUyMCUyMCUyMCUyMCUyMCUyMCUyMCUyMCUyMCUyMCUyMCUyMCU3QiUwQSUyMCUyMCUyMCUyMCUyMCUyMCUyMCUyMCUyMCUyMCUyMCUyMCUyMCUyMCUyMCUyMCUyMnNhdHVyYXRpb24lMjIlM0ElMjAtMTAwJTBBJTIwJTIwJTIwJTIwJTIwJTIwJTIwJTIwJTIwJTIwJTIwJTIwJTdEJTJDJTBBJTIwJTIwJTIwJTIwJTIwJTIwJTIwJTIwJTIwJTIwJTIwJTIwJTdCJTBBJTIwJTIwJTIwJTIwJTIwJTIwJTIwJTIwJTIwJTIwJTIwJTIwJTIwJTIwJTIwJTIwJTIybGlnaHRuZXNzJTIyJTNBJTIwJTIyNTAlMjIlMEElMjAlMjAlMjAlMjAlMjAlMjAlMjAlMjAlMjAlMjAlMjAlMjAlN0QlMkMlMEElMjAlMjAlMjAlMjAlMjAlMjAlMjAlMjAlMjAlMjAlMjAlMjAlN0IlMEElMjAlMjAlMjAlMjAlMjAlMjAlMjAlMjAlMjAlMjAlMjAlMjAlMjAlMjAlMjAlMjAlMjJ2aXNpYmlsaXR5JTIyJTNBJTIwJTIyc2ltcGxpZmllZCUyMiUwQSUyMCUyMCUyMCUyMCUyMCUyMCUyMCUyMCUyMCUyMCUyMCUyMCU3RCUwQSUyMCUyMCUyMCUyMCUyMCUyMCUyMCUyMCU1RCUwQSUyMCUyMCUyMCUyMCU3RCUyQyUwQSUyMCUyMCUyMCUyMCU3QiUwQSUyMCUyMCUyMCUyMCUyMCUyMCUyMCUyMCUyMmZlYXR1cmVUeXBlJTIyJTNBJTIwJTIycm9hZCUyMiUyQyUwQSUyMCUyMCUyMCUyMCUyMCUyMCUyMCUyMCUyMmVsZW1lbnRUeXBlJTIyJTNBJTIwJTIyYWxsJTIyJTJDJTBBJTIwJTIwJTIwJTIwJTIwJTIwJTIwJTIwJTIyc3R5bGVycyUyMiUzQSUyMCU1QiUwQSUyMCUyMCUyMCUyMCUyMCUyMCUyMCUyMCUyMCUyMCUyMCUyMCU3QiUwQSUyMCUyMCUyMCUyMCUyMCUyMCUyMCUyMCUyMCUyMCUyMCUyMCUyMCUyMCUyMCUyMCUyMnNhdHVyYXRpb24lMjIlM0ElMjAlMjItMTAwJTIyJTBBJTIwJTIwJTIwJTIwJTIwJTIwJTIwJTIwJTIwJTIwJTIwJTIwJTdEJTBBJTIwJTIwJTIwJTIwJTIwJTIwJTIwJTIwJTVEJTBBJTIwJTIwJTIwJTIwJTdEJTJDJTBBJTIwJTIwJTIwJTIwJTdCJTBBJTIwJTIwJTIwJTIwJTIwJTIwJTIwJTIwJTIyZmVhdHVyZVR5cGUlMjIlM0ElMjAlMjJyb2FkLmhpZ2h3YXklMjIlMkMlMEElMjAlMjAlMjAlMjAlMjAlMjAlMjAlMjAlMjJlbGVtZW50VHlwZSUyMiUzQSUyMCUyMmFsbCUyMiUyQyUwQSUyMCUyMCUyMCUyMCUyMCUyMCUyMCUyMCUyMnN0eWxlcnMlMjIlM0ElMjAlNUIlMEElMjAlMjAlMjAlMjAlMjAlMjAlMjAlMjAlMjAlMjAlMjAlMjAlN0IlMEElMjAlMjAlMjAlMjAlMjAlMjAlMjAlMjAlMjAlMjAlMjAlMjAlMjAlMjAlMjAlMjAlMjJ2aXNpYmlsaXR5JTIyJTNBJTIwJTIyc2ltcGxpZmllZCUyMiUwQSUyMCUyMCUyMCUyMCUyMCUyMCUyMCUyMCUyMCUyMCUyMCUyMCU3RCUwQSUyMCUyMCUyMCUyMCUyMCUyMCUyMCUyMCU1RCUwQSUyMCUyMCUyMCUyMCU3RCUyQyUwQSUyMCUyMCUyMCUyMCU3QiUwQSUyMCUyMCUyMCUyMCUyMCUyMCUyMCUyMCUyMmZlYXR1cmVUeXBlJTIyJTNBJTIwJTIycm9hZC5hcnRlcmlhbCUyMiUyQyUwQSUyMCUyMCUyMCUyMCUyMCUyMCUyMCUyMCUyMmVsZW1lbnRUeXBlJTIyJTNBJTIwJTIyYWxsJTIyJTJDJTBBJTIwJTIwJTIwJTIwJTIwJTIwJTIwJTIwJTIyc3R5bGVycyUyMiUzQSUyMCU1QiUwQSUyMCUyMCUyMCUyMCUyMCUyMCUyMCUyMCUyMCUyMCUyMCUyMCU3QiUwQSUyMCUyMCUyMCUyMCUyMCUyMCUyMCUyMCUyMCUyMCUyMCUyMCUyMCUyMCUyMCUyMCUyMmxpZ2h0bmVzcyUyMiUzQSUyMCUyMjMwJTIyJTBBJTIwJTIwJTIwJTIwJTIwJTIwJTIwJTIwJTIwJTIwJTIwJTIwJTdEJTBBJTIwJTIwJTIwJTIwJTIwJTIwJTIwJTIwJTVEJTBBJTIwJTIwJTIwJTIwJTdEJTJDJTBBJTIwJTIwJTIwJTIwJTdCJTBBJTIwJTIwJTIwJTIwJTIwJTIwJTIwJTIwJTIyZmVhdHVyZVR5cGUlMjIlM0ElMjAlMjJyb2FkLmxvY2FsJTIyJTJDJTBBJTIwJTIwJTIwJTIwJTIwJTIwJTIwJTIwJTIyZWxlbWVudFR5cGUlMjIlM0ElMjAlMjJhbGwlMjIlMkMlMEElMjAlMjAlMjAlMjAlMjAlMjAlMjAlMjAlMjJzdHlsZXJzJTIyJTNBJTIwJTVCJTBBJTIwJTIwJTIwJTIwJTIwJTIwJTIwJTIwJTIwJTIwJTIwJTIwJTdCJTBBJTIwJTIwJTIwJTIwJTIwJTIwJTIwJTIwJTIwJTIwJTIwJTIwJTIwJTIwJTIwJTIwJTIybGlnaHRuZXNzJTIyJTNBJTIwJTIyNDAlMjIlMEElMjAlMjAlMjAlMjAlMjAlMjAlMjAlMjAlMjAlMjAlMjAlMjAlN0QlMEElMjAlMjAlMjAlMjAlMjAlMjAlMjAlMjAlNUQlMEElMjAlMjAlMjAlMjAlN0QlMkMlMEElMjAlMjAlMjAlMjAlN0IlMEElMjAlMjAlMjAlMjAlMjAlMjAlMjAlMjAlMjJmZWF0dXJlVHlwZSUyMiUzQSUyMCUyMnRyYW5zaXQlMjIlMkMlMEElMjAlMjAlMjAlMjAlMjAlMjAlMjAlMjAlMjJlbGVtZW50VHlwZSUyMiUzQSUyMCUyMmFsbCUyMiUyQyUwQSUyMCUyMCUyMCUyMCUyMCUyMCUyMCUyMCUyMnN0eWxlcnMlMjIlM0ElMjAlNUIlMEElMjAlMjAlMjAlMjAlMjAlMjAlMjAlMjAlMjAlMjAlMjAlMjAlN0IlMEElMjAlMjAlMjAlMjAlMjAlMjAlMjAlMjAlMjAlMjAlMjAlMjAlMjAlMjAlMjAlMjAlMjJzYXR1cmF0aW9uJTIyJTNBJTIwLTEwMCUwQSUyMCUyMCUyMCUyMCUyMCUyMCUyMCUyMCUyMCUyMCUyMCUyMCU3RCUyQyUwQSUyMCUyMCUyMCUyMCUyMCUyMCUyMCUyMCUyMCUyMCUyMCUyMCU3QiUwQSUyMCUyMCUyMCUyMCUyMCUyMCUyMCUyMCUyMCUyMCUyMCUyMCUyMCUyMCUyMCUyMCUyMnZpc2liaWxpdHklMjIlM0ElMjAlMjJzaW1wbGlmaWVkJTIyJTBBJTIwJTIwJTIwJTIwJTIwJTIwJTIwJTIwJTIwJTIwJTIwJTIwJTdEJTBBJTIwJTIwJTIwJTIwJTIwJTIwJTIwJTIwJTVEJTBBJTIwJTIwJTIwJTIwJTdEJTJDJTBBJTIwJTIwJTIwJTIwJTdCJTBBJTIwJTIwJTIwJTIwJTIwJTIwJTIwJTIwJTIyZmVhdHVyZVR5cGUlMjIlM0ElMjAlMjJ3YXRlciUyMiUyQyUwQSUyMCUyMCUyMCUyMCUyMCUyMCUyMCUyMCUyMmVsZW1lbnRUeXBlJTIyJTNBJTIwJTIyZ2VvbWV0cnklMjIlMkMlMEElMjAlMjAlMjAlMjAlMjAlMjAlMjAlMjAlMjJzdHlsZXJzJTIyJTNBJTIwJTVCJTBBJTIwJTIwJTIwJTIwJTIwJTIwJTIwJTIwJTIwJTIwJTIwJTIwJTdCJTBBJTIwJTIwJTIwJTIwJTIwJTIwJTIwJTIwJTIwJTIwJTIwJTIwJTIwJTIwJTIwJTIwJTIyaHVlJTIyJTNBJTIwJTIyJTIzZmZmZjAwJTIyJTBBJTIwJTIwJTIwJTIwJTIwJTIwJTIwJTIwJTIwJTIwJTIwJTIwJTdEJTJDJTBBJTIwJTIwJTIwJTIwJTIwJTIwJTIwJTIwJTIwJTIwJTIwJTIwJTdCJTBBJTIwJTIwJTIwJTIwJTIwJTIwJTIwJTIwJTIwJTIwJTIwJTIwJTIwJTIwJTIwJTIwJTIybGlnaHRuZXNzJTIyJTNBJTIwLTI1JTBBJTIwJTIwJTIwJTIwJTIwJTIwJTIwJTIwJTIwJTIwJTIwJTIwJTdEJTJDJTBBJTIwJTIwJTIwJTIwJTIwJTIwJTIwJTIwJTIwJTIwJTIwJTIwJTdCJTBBJTIwJTIwJTIwJTIwJTIwJTIwJTIwJTIwJTIwJTIwJTIwJTIwJTIwJTIwJTIwJTIwJTIyc2F0dXJhdGlvbiUyMiUzQSUyMC05NyUwQSUyMCUyMCUyMCUyMCUyMCUyMCUyMCUyMCUyMCUyMCUyMCUyMCU3RCUwQSUyMCUyMCUyMCUyMCUyMCUyMCUyMCUyMCU1RCUwQSUyMCUyMCUyMCUyMCU3RCUyQyUwQSUyMCUyMCUyMCUyMCU3QiUwQSUyMCUyMCUyMCUyMCUyMCUyMCUyMCUyMCUyMmZlYXR1cmVUeXBlJTIyJTNBJTIwJTIyd2F0ZXIlMjIlMkMlMEElMjAlMjAlMjAlMjAlMjAlMjAlMjAlMjAlMjJlbGVtZW50VHlwZSUyMiUzQSUyMCUyMmxhYmVscyUyMiUyQyUwQSUyMCUyMCUyMCUyMCUyMCUyMCUyMCUyMCUyMnN0eWxlcnMlMjIlM0ElMjAlNUIlMEElMjAlMjAlMjAlMjAlMjAlMjAlMjAlMjAlMjAlMjAlMjAlMjAlN0IlMEElMjAlMjAlMjAlMjAlMjAlMjAlMjAlMjAlMjAlMjAlMjAlMjAlMjAlMjAlMjAlMjAlMjJsaWdodG5lc3MlMjIlM0ElMjAtMjUlMEElMjAlMjAlMjAlMjAlMjAlMjAlMjAlMjAlMjAlMjAlMjAlMjAlN0QlMkMlMEElMjAlMjAlMjAlMjAlMjAlMjAlMjAlMjAlMjAlMjAlMjAlMjAlN0IlMEElMjAlMjAlMjAlMjAlMjAlMjAlMjAlMjAlMjAlMjAlMjAlMjAlMjAlMjAlMjAlMjAlMjJzYXR1cmF0aW9uJTIyJTNBJTIwLTEwMCUwQSUyMCUyMCUyMCUyMCUyMCUyMCUyMCUyMCUyMCUyMCUyMCUyMCU3RCUwQSUyMCUyMCUyMCUyMCUyMCUyMCUyMCUyMCU1RCUwQSUyMCUyMCUyMCUyMCU3RCUwQSU1RA==\"][\/vc_column][\/vc_row]<\/p>\r\n[\/vc_column][\/vc_row][vc_row equal_height=&#8221;&#8221; background_type=&#8221;image&#8221; gap=&#8221;60&#8243; shift_y=&#8221;0&#8243; z_index=&#8221;0&#8243;][vc_column width=&#8221;1\/2&#8243;][vc_custom_heading text=&#8221;K\u00fcldj\u00f6n nek\u00fcnk \u00fczenet&#8221; font_size=&#8221;24&#8243; text_align=&#8221;left&#8221; font_weight=&#8221;700&#8243;][vc_column_text css=&#8221;.vc_custom_1643270899826{margin-bottom: 30px !important;}&#8221;]Az al\u00e1bbi \u0171rlap kit\u00f6lt\u00e9s\u00e9vel \u00fczenetet k\u00fcldhet sz\u00e1munkra, koll\u00e9g\u00e1ink 48 \u00f3r\u00e1n bel\u00fcl felveszik \u00d6nnel a kapcsolatot.[\/vc_column_text][vc_single_image image=&#8221;14166&#8243; full_width=&#8221;1&#8243; opacity=&#8221;100&#8243;][\/vc_column][vc_column width=&#8221;1\/2&#8243;]\n<div class=\"wpcf7 no-js\" id=\"wpcf7-f6-o1\" lang=\"hu-HU\" dir=\"ltr\" data-wpcf7-id=\"6\">\n<div class=\"screen-reader-response\"><p role=\"status\" aria-live=\"polite\" aria-atomic=\"true\"><\/p> <ul><\/ul><\/div>\n<form action=\"\/index.php?rest_route=%2Fwp%2Fv2%2Fpages%2F158#wpcf7-f6-o1\" method=\"post\" class=\"wpcf7-form init\" aria-label=\"Kapcsolatfelv\u00e9teli \u0171rlap\" novalidate=\"novalidate\" data-status=\"init\">\n<fieldset class=\"hidden-fields-container\"><input type=\"hidden\" name=\"_wpcf7\" value=\"6\" \/><input type=\"hidden\" name=\"_wpcf7_version\" value=\"6.1.5\" \/><input type=\"hidden\" name=\"_wpcf7_locale\" value=\"hu_HU\" \/><input type=\"hidden\" name=\"_wpcf7_unit_tag\" value=\"wpcf7-f6-o1\" \/><input type=\"hidden\" name=\"_wpcf7_container_post\" value=\"0\" \/><input type=\"hidden\" name=\"_wpcf7_posted_data_hash\" value=\"\" \/>\n<\/fieldset>\n<p><label> N\u00e9v*<br \/>\n<span class=\"wpcf7-form-control-wrap\" data-name=\"your-name\"><input size=\"40\" maxlength=\"400\" class=\"wpcf7-form-control wpcf7-text wpcf7-validates-as-required\" aria-required=\"true\" aria-invalid=\"false\" value=\"\" type=\"text\" name=\"your-name\" \/><\/span> <\/label>\n<\/p>\n<p><label> E-mail c\u00edm*<br \/>\n<span class=\"wpcf7-form-control-wrap\" data-name=\"your-email\"><input size=\"40\" maxlength=\"400\" class=\"wpcf7-form-control wpcf7-email wpcf7-validates-as-required wpcf7-text wpcf7-validates-as-email\" aria-required=\"true\" aria-invalid=\"false\" value=\"\" type=\"email\" name=\"your-email\" \/><\/span> <\/label>\n<\/p>\n<p><label> T\u00e1rgy*<br \/>\n<span class=\"wpcf7-form-control-wrap\" data-name=\"your-subject\"><input size=\"40\" maxlength=\"400\" class=\"wpcf7-form-control wpcf7-text wpcf7-validates-as-required\" aria-required=\"true\" aria-invalid=\"false\" value=\"\" type=\"text\" name=\"your-subject\" \/><\/span> <\/label>\n<\/p>\n<p><label> Telefon*<br \/>\n<span class=\"wpcf7-form-control-wrap\" data-name=\"tel-918\"><input size=\"40\" maxlength=\"400\" class=\"wpcf7-form-control wpcf7-tel wpcf7-validates-as-required wpcf7-text wpcf7-validates-as-tel\" aria-required=\"true\" aria-invalid=\"false\" value=\"\" type=\"tel\" name=\"tel-918\" \/><\/span> <\/label>\n<\/p>\n<p><label> \u00dczenet*<br \/>\n<span class=\"wpcf7-form-control-wrap\" data-name=\"your-message\"><textarea cols=\"40\" rows=\"10\" maxlength=\"2000\" class=\"wpcf7-form-control wpcf7-textarea wpcf7-validates-as-required\" aria-required=\"true\" aria-invalid=\"false\" name=\"your-message\"><\/textarea><\/span> <\/label>\n<\/p>\n<p><input class=\"wpcf7-form-control wpcf7-submit has-spinner\" type=\"submit\" value=\"Elk\u00fcld\u00e9s\" \/>\n<\/p><input type='hidden' class='wpcf7-pum' value='{\"closepopup\":false,\"closedelay\":0,\"openpopup\":false,\"openpopup_id\":0}' \/><div class=\"wpcf7-response-output\" aria-hidden=\"true\"><\/div>\n<\/form>\n<\/div>\n[\/vc_column][\/vc_row]<\/p>\n","protected":false},"excerpt":{"rendered":"<p>[vc_row equal_height=&#8221;&#8221; border_color=&#8221;custom&#8221; border_style=&#8221;solid&#8221; gap=&#8221;60&#8243; shift_y=&#8221;0&#8243; z_index=&#8221;0&#8243; css=&#8221;.vc_custom_1569495226213{border-top-width: 0px !important;border-bottom-width: 0px !important;}&#8221; border_custom_color=&#8221;rgba(0,0,0,0.06)&#8221;][vc_column width=&#8221;1\/4&#8243;][vc_column_text] E-mail K\u00f6zponti e-mail iroda@anlux.hu Beszerz\u00e9s anlux@anlux.hu K\u00fclf\u00f6ldi \u00e9rt\u00e9kes\u00edt\u00e9s anluxexport@anlux.hu[\/vc_column_text][\/vc_column][vc_column width=&#8221;1\/4&#8243;][vc_column_text] Telephely 4030 Debrecen, H\u00e9tvez\u00e9r u. 16. FAX\/TELEFON + 36 52 471 705[\/vc_column_text][\/vc_column][vc_column width=&#8221;1\/4&#8243;][vc_column_text] Sz\u00e9khely 4030 Debrecen, Monostorp\u00e1lyi 9-11[\/vc_column_text][\/vc_column][vc_column width=&#8221;1\/4&#8243;][vc_column_text] \u00dczleteink 5600 B\u00e9k\u00e9scsaba, Szarvasi \u00fat 5. Tel.\/Fax.: 36-66 \/ 441-623 E-mail.\/ anluxbcs@anlux.hu&#8230;<\/p>\n<p><a rel=\"bookmark\" class=\"theme-button-text wvc-button wvc-button-size-xs\" href=\"https:\/\/www.anlux.hu\/?page_id=158\"><small class=\"wvc-button-background-fill\"><\/small><span>Continue reading<\/span><\/a><\/p>\n","protected":false},"author":1,"featured_media":14198,"parent":0,"menu_order":0,"comment_status":"closed","ping_status":"closed","template":"","meta":{"footnotes":""},"class_list":{"0":"post-158","1":"page","2":"type-page","3":"status-publish","4":"has-post-thumbnail","5":"hentry","6":"entry","7":"clearfix","8":"entry-grid","9":"entry-columns-default","10":"entry-page-module-layout-standard","11":"thumbnail-color-tone-dark","12":"entry-page","14":"entry-page-grid"},"_links":{"self":[{"href":"https:\/\/www.anlux.hu\/index.php?rest_route=\/wp\/v2\/pages\/158","targetHints":{"allow":["GET"]}}],"collection":[{"href":"https:\/\/www.anlux.hu\/index.php?rest_route=\/wp\/v2\/pages"}],"about":[{"href":"https:\/\/www.anlux.hu\/index.php?rest_route=\/wp\/v2\/types\/page"}],"author":[{"embeddable":true,"href":"https:\/\/www.anlux.hu\/index.php?rest_route=\/wp\/v2\/users\/1"}],"replies":[{"embeddable":true,"href":"https:\/\/www.anlux.hu\/index.php?rest_route=%2Fwp%2Fv2%2Fcomments&post=158"}],"version-history":[{"count":22,"href":"https:\/\/www.anlux.hu\/index.php?rest_route=\/wp\/v2\/pages\/158\/revisions"}],"predecessor-version":[{"id":16217,"href":"https:\/\/www.anlux.hu\/index.php?rest_route=\/wp\/v2\/pages\/158\/revisions\/16217"}],"wp:featuredmedia":[{"embeddable":true,"href":"https:\/\/www.anlux.hu\/index.php?rest_route=\/wp\/v2\/media\/14198"}],"wp:attachment":[{"href":"https:\/\/www.anlux.hu\/index.php?rest_route=%2Fwp%2Fv2%2Fmedia&parent=158"}],"curies":[{"name":"wp","href":"https:\/\/api.w.org\/{rel}","templated":true}]}}