{"id":16014,"date":"2021-12-14T23:19:31","date_gmt":"2021-12-14T22:19:31","guid":{"rendered":"http:\/\/anlux.localdev\/?page_id=16014"},"modified":"2021-12-21T23:28:56","modified_gmt":"2021-12-21T22:28:56","slug":"termekeink","status":"publish","type":"page","link":"https:\/\/www.anlux.hu\/?page_id=16014","title":{"rendered":"Term\u00e9keink"},"content":{"rendered":"<p>[vc_row][vc_column][vc_row equal_height=\"\" shift_y=\"0\" z_index=\"0\" css=\".vc_custom_1569495773079{padding-top: 120px !important;padding-bottom: 120px !important;}\"][vc_column][vc_row_inner][vc_column_inner width=\"1\/3\"][wvc_banner image=\"16189\" img_size=\"medium\" txt_align=\"right\" btn_title=\"MEGN\u00c9ZEM\" btn_color=\"custom\" btn_button_type=\"theme-button-text\" btn_font_weight=\"700\" add_button=\"true\" title=\"Bels\u0151 \u00e1rny\u00e9kol\u00f3k\" title_font_size=\"20\" btn_custom_color=\"#7a2a85\" link=\"url:%2Fkategorai%2Fbelso-arnyekolok\"][wvc_banner image=\"16198\" img_size=\"full\" txt_align=\"right\" btn_title=\"MEGN\u00c9ZEM\" btn_color=\"custom\" btn_button_type=\"theme-button-text\" btn_font_weight=\"700\" add_button=\"true\" title=\"Sz\u00fanyogh\u00e1l\u00f3k\" title_font_size=\"20\" btn_custom_color=\"#7a2a85\" link=\"url:%2Fkategorai%2Fszunyoghalok\"][\/vc_column_inner][vc_column_inner width=\"1\/3\"][wvc_banner image=\"16186\" img_size=\"medium\" txt_align=\"right\" btn_title=\"MEGN\u00c9ZEM\" btn_color=\"custom\" btn_button_type=\"theme-button-text\" btn_font_weight=\"700\" add_button=\"true\" title=\"K\u00fcls\u0151 \u00e1rny\u00e9kol\u00f3k\" title_font_size=\"20\" btn_custom_color=\"#7a2a85\" link=\"url:https%3A%2F%2Fwww.anlux.hu%2Fcontent-block%2Fkulso-arnyekolok%2F|title:Content%20%7C%20Anlux%20term%C3%A9keink\"][wvc_banner image=\"16257\" img_size=\"full\" txt_align=\"right\" btn_title=\"MEGN\u00c9ZEM\" btn_color=\"custom\" btn_button_type=\"theme-button-text\" btn_font_weight=\"700\" add_button=\"true\" title=\"Motorok\" title_font_size=\"20\" btn_custom_color=\"#7a2a85\" link=\"url:%2Fkategorai%2Fmotorok\"][\/vc_column_inner][vc_column_inner width=\"1\/3\"][wvc_banner image=\"16187\" img_size=\"full\" txt_align=\"right\" btn_title=\"MEGN\u00c9ZEM\" btn_color=\"custom\" btn_button_type=\"theme-button-text\" btn_font_weight=\"700\" add_button=\"true\" title=\"T\u00e9relv\u00e1laszt\u00f3k\" title_font_size=\"20\" btn_custom_color=\"#7a2a85\" link=\"url:https%3A%2F%2Fwww.anlux.hu%2Fproduct%2Fharmonikaajto%2F|title:Harmonikaajt%C3%B3\"][wvc_banner image=\"16263\" img_size=\"full\" txt_align=\"right\" btn_title=\"MEGN\u00c9ZEM\" btn_color=\"custom\" btn_button_type=\"theme-button-text\" btn_font_weight=\"700\" add_button=\"true\" title=\"Vez\u00e9rl\u00e9sek, kapcsol\u00f3k\" title_font_size=\"20\" btn_custom_color=\"#7a2a85\" link=\"url:%2Fvezerlesek\"][\/vc_column_inner][\/vc_row_inner][\/vc_column][\/vc_row][\/vc_column][\/vc_row]<\/p>\n","protected":false},"excerpt":{"rendered":"<p>[vc_row][vc_column][\/vc_column][\/vc_row]<\/p>\n","protected":false},"author":1,"featured_media":0,"parent":0,"menu_order":0,"comment_status":"closed","ping_status":"closed","template":"","meta":{"footnotes":""},"class_list":{"0":"post-16014","1":"page","2":"type-page","3":"status-publish","4":"hentry","5":"entry","6":"clearfix","7":"entry-grid","8":"entry-columns-default","9":"entry-page-module-layout-standard","10":"no-post-thumbnail","11":"entry-page","13":"entry-page-grid"},"_links":{"self":[{"href":"https:\/\/www.anlux.hu\/index.php?rest_route=\/wp\/v2\/pages\/16014","targetHints":{"allow":["GET"]}}],"collection":[{"href":"https:\/\/www.anlux.hu\/index.php?rest_route=\/wp\/v2\/pages"}],"about":[{"href":"https:\/\/www.anlux.hu\/index.php?rest_route=\/wp\/v2\/types\/page"}],"author":[{"embeddable":true,"href":"https:\/\/www.anlux.hu\/index.php?rest_route=\/wp\/v2\/users\/1"}],"replies":[{"embeddable":true,"href":"https:\/\/www.anlux.hu\/index.php?rest_route=%2Fwp%2Fv2%2Fcomments&post=16014"}],"version-history":[{"count":3,"href":"https:\/\/www.anlux.hu\/index.php?rest_route=\/wp\/v2\/pages\/16014\/revisions"}],"predecessor-version":[{"id":16226,"href":"https:\/\/www.anlux.hu\/index.php?rest_route=\/wp\/v2\/pages\/16014\/revisions\/16226"}],"wp:attachment":[{"href":"https:\/\/www.anlux.hu\/index.php?rest_route=%2Fwp%2Fv2%2Fmedia&parent=16014"}],"curies":[{"name":"wp","href":"https:\/\/api.w.org\/{rel}","templated":true}]}}