{"id":3699,"date":"2019-11-01T15:30:52","date_gmt":"2019-11-01T15:30:52","guid":{"rendered":"https:\/\/www.anlux.hu\/?page_id=3699"},"modified":"2021-12-05T14:53:03","modified_gmt":"2021-12-05T13:53:03","slug":"az-antal-es-antal-kft-termekeinek-bemutatasa-kuelfoeldi-kiallitasokon-uj-vevok-megszerzese-erdekeben","status":"publish","type":"page","link":"https:\/\/www.anlux.hu\/?page_id=3699","title":{"rendered":"Az Antal \u00e9s Antal kft. term\u00e9keinek bemutat\u00e1sa k\u00fclf\u00f6ldi ki\u00e1ll\u00edt\u00e1sokon \u00faj vev\u0151k megszerz\u00e9se \u00e9rdek\u00e9ben"},"content":{"rendered":"<p>[vc_row][vc_column][vc_column_text]<b>Kedvezm\u00e9nyezett neve:<\/b> Antal \u00e9s Antal Kft<\/p>\n<p><b>El\u00e9rhet\u0151s\u00e9ge:<\/b> 4030 Debrecen, Monostorp\u00e1lyi \u00fat 9-11.<br \/>\n<b>Projekt c\u00edme<\/b>: \u201eAz Antal \u00e9s Antal Kft. term\u00e9keinek bemutat\u00e1sa k\u00fclf\u00f6ldi ki\u00e1ll\u00edt\u00e1sokon \u00faj vev\u0151k megszerz\u00e9se \u00e9rdek\u00e9ben\u201d<br \/>\n<b>T\u00e1mogat\u00e1s \u00f6sszege<\/b>: <b>9 910\u00a0050 <\/b>Ft<\/p>\n<p><b>T\u00e1mogat\u00e1s m\u00e9rt\u00e9ke<\/b>: 50 %<\/p>\n<p><b>Projekt tartalma<\/b>:\u00a0 A projektnek k\u00f6sz\u00f6nhet\u0151en nagyobb hangs\u00falyt tud c\u00e9g\u00fcnk helyezni a k\u00fclf\u00f6ldi piacokra, els\u0151sorban Rom\u00e1ni\u00e1ra \u00e9s Szerbi\u00e1ra, valamint meg tudja er\u0151s\u00edteni a francia piacokra vonatkoz\u00f3 k\u00fclpiaci kapcsolatait. A projekt keret\u00e9ben 3 k\u00fclf\u00f6ldi orsz\u00e1gban vesz r\u00e9szt az Antal \u00e9s Antal Kft. ki\u00e1ll\u00edt\u00e1sokon.<\/p>\n<p><b>Projekt befejez\u00e9si d\u00e1tuma<\/b>: 2018.04.23.<\/p>\n<p><b>Projekt azonos\u00edt\u00f3:<\/b> GINOP-1.3.1-15-2015-00288[\/vc_column_text][vc_single_image image=&#8221;14126&#8243; img_size=&#8221;full&#8221; full_width=&#8221;1&#8243; opacity=&#8221;100&#8243;][\/vc_column][\/vc_row]<\/p>\n","protected":false},"excerpt":{"rendered":"<p>[vc_row][vc_column][vc_column_text]Kedvezm\u00e9nyezett neve: Antal \u00e9s Antal Kft El\u00e9rhet\u0151s\u00e9ge: 4030 Debrecen, Monostorp\u00e1lyi \u00fat 9-11. Projekt c\u00edme: \u201eAz Antal \u00e9s Antal Kft. term\u00e9keinek bemutat\u00e1sa k\u00fclf\u00f6ldi ki\u00e1ll\u00edt\u00e1sokon \u00faj vev\u0151k megszerz\u00e9se \u00e9rdek\u00e9ben\u201d T\u00e1mogat\u00e1s \u00f6sszege: 9 910\u00a0050 Ft T\u00e1mogat\u00e1s m\u00e9rt\u00e9ke: 50 % Projekt tartalma:\u00a0 A projektnek k\u00f6sz\u00f6nhet\u0151en nagyobb hangs\u00falyt tud c\u00e9g\u00fcnk helyezni a k\u00fclf\u00f6ldi piacokra, els\u0151sorban Rom\u00e1ni\u00e1ra \u00e9s Szerbi\u00e1ra, valamint meg&#8230;<\/p>\n<p><a rel=\"bookmark\" class=\"theme-button-text wvc-button wvc-button-size-xs\" href=\"https:\/\/www.anlux.hu\/?page_id=3699\"><small class=\"wvc-button-background-fill\"><\/small><span>Continue reading<\/span><\/a><\/p>\n","protected":false},"author":1,"featured_media":14126,"parent":0,"menu_order":0,"comment_status":"closed","ping_status":"closed","template":"","meta":{"footnotes":""},"class_list":{"0":"post-3699","1":"page","2":"type-page","3":"status-publish","4":"has-post-thumbnail","5":"hentry","6":"entry","7":"clearfix","8":"entry-grid","9":"entry-columns-default","10":"entry-page-module-layout-standard","11":"thumbnail-color-tone-light","12":"entry-page","14":"entry-page-grid"},"_links":{"self":[{"href":"https:\/\/www.anlux.hu\/index.php?rest_route=\/wp\/v2\/pages\/3699","targetHints":{"allow":["GET"]}}],"collection":[{"href":"https:\/\/www.anlux.hu\/index.php?rest_route=\/wp\/v2\/pages"}],"about":[{"href":"https:\/\/www.anlux.hu\/index.php?rest_route=\/wp\/v2\/types\/page"}],"author":[{"embeddable":true,"href":"https:\/\/www.anlux.hu\/index.php?rest_route=\/wp\/v2\/users\/1"}],"replies":[{"embeddable":true,"href":"https:\/\/www.anlux.hu\/index.php?rest_route=%2Fwp%2Fv2%2Fcomments&post=3699"}],"version-history":[{"count":1,"href":"https:\/\/www.anlux.hu\/index.php?rest_route=\/wp\/v2\/pages\/3699\/revisions"}],"predecessor-version":[{"id":14127,"href":"https:\/\/www.anlux.hu\/index.php?rest_route=\/wp\/v2\/pages\/3699\/revisions\/14127"}],"wp:featuredmedia":[{"embeddable":true,"href":"https:\/\/www.anlux.hu\/index.php?rest_route=\/wp\/v2\/media\/14126"}],"wp:attachment":[{"href":"https:\/\/www.anlux.hu\/index.php?rest_route=%2Fwp%2Fv2%2Fmedia&parent=3699"}],"curies":[{"name":"wp","href":"https:\/\/api.w.org\/{rel}","templated":true}]}}