{"id":14218,"date":"2021-12-10T21:52:19","date_gmt":"2021-12-10T20:52:19","guid":{"rendered":"http:\/\/anlux.localdev\/?post_type=product&#038;p=14218"},"modified":"2021-12-11T18:58:36","modified_gmt":"2021-12-11T17:58:36","slug":"reluxa","status":"publish","type":"product","link":"https:\/\/www.anlux.hu\/?product=reluxa","title":{"rendered":"Reluxa"},"content":{"rendered":"<p>[vc_row][vc_column width=&#8221;1\/2&#8243;][vc_column_text]<strong>M\u0171k\u00f6d\u00e9si m\u00f3dok<\/strong><\/p>\n<ul>\n<li>bowdenes<\/li>\n<li>\u00fcvegp\u00e1lc\u00e1s, s\u00falyz\u00e1ras<\/li>\n<li>VIP &#8211; a lamell\u00e1k sz\u00e9le a lyukaszt\u00e1sn\u00e1l meg van t\u00f6rve, a jobb f\u00e9nyz\u00e1r\u00f3s\u00e1g \u00e9rdek\u00e9ben<\/li>\n<li>MAGIC \u2013 a felh\u00faz\u00f3 zsin\u00f3r az \u00fcvegp\u00e1lc\u00e1ban helyezkedik el<\/li>\n<li>ISO-DESIGN \u2013 a lamell\u00e1k forgat\u00e1sa \u00e9s felh\u00faz\u00e1sa gy\u00f6ngyl\u00e1nccal t\u00f6rt\u00e9nik<\/li>\n<li>VENUS \u2013 \u00fcvegp\u00e1lc\u00e1s, s\u00falyz\u00e1ras szerkezet, \u00fcvegfel\u00fcletbe illeszked\u0151<\/li>\n<li>ISO-DESIGN karnissal<\/li>\n<li>motoriz\u00e1lt<\/li>\n<\/ul>\n<p>[\/vc_column_text][\/vc_column][vc_column width=&#8221;1\/2&#8243;][vc_column_text]<strong>M\u00e9rethat\u00e1rok<\/strong><\/p>\n<ul>\n<li>bowdenes t\u00edpus: sz\u00e9less\u00e9g 12-290cm; magass\u00e1g max.280cm<\/li>\n<li>\u00fcvegp\u00e1lc\u00e1s v\u00e1ltozat: sz\u00e9less\u00e9g 15-290cm; magass\u00e1g max.280cm<\/li>\n<li>VIP: sz\u00e9less\u00e9g 15-290cm; magass\u00e1g max.280cm<\/li>\n<li>MAGIC: sz\u00e9less\u00e9g 45-290cm; magass\u00e1g max. 250cm<\/li>\n<li>ISO-DESIGN: sz\u00e9less\u00e9g 25-150cm; magass\u00e1g max. 200cm<\/li>\n<\/ul>\n<p>[\/vc_column_text][\/vc_column][\/vc_row][vc_row][vc_column width=&#8221;1\/2&#8243;][vc_column_text]<strong>Speci\u00e1lis t\u00edpusok<\/strong><\/p>\n<ul>\n<li>ferde \u00e9s alakos relux\u00e1k<\/li>\n<li>tet\u0151t\u00e9ri relux\u00e1k<\/li>\n<\/ul>\n<p>[\/vc_column_text][\/vc_column][vc_column width=&#8221;1\/2&#8243;][vc_column_text]<strong>Lamell\u00e1k alapanyagai<\/strong><\/p>\n<ul>\n<li>alum\u00ednium lamell\u00e1val k\u00e9sz\u00fclt (16mm, 25mm, 35mm,50mm)<\/li>\n<li>fa lamell\u00e1val k\u00e9sz\u00fclt (25mm, 50mm)<\/li>\n<\/ul>\n<p>[\/vc_column_text][\/vc_column][\/vc_row]<\/p>\n","protected":false},"excerpt":{"rendered":"<p>Az egyik legismertebb, legelterjedtebb bels\u0151\u00e1rny\u00e9kol\u00f3. Az elm\u00falt id\u0151szakban rendk\u00edv\u00fcli fejl\u0151d\u00e9sen ment kereszt\u00fcl.<br \/>\n[vc_row][vc_column][wvc_content_block id=\"15953\"][\/vc_column][\/vc_row]<\/p>\n","protected":false},"featured_media":3506,"template":"","meta":[],"product_brand":[],"product_cat":[121],"product_tag":[],"class_list":{"0":"post-14218","1":"product","2":"type-product","3":"status-publish","4":"has-post-thumbnail","6":"product_cat-belso-arnyekolok","7":"entry-post-skin-light","8":"entry-product-has-gallery","9":"entry","10":"clearfix","11":"entry-grid","12":"entry-columns-4","13":"entry-product-module-layout-standard","14":"thumbnail-color-tone-dark","15":"entry-product","17":"entry-product-grid","19":"first","20":"instock","21":"shipping-taxable","22":"product-type-simple"},"_links":{"self":[{"href":"https:\/\/www.anlux.hu\/index.php?rest_route=\/wp\/v2\/product\/14218","targetHints":{"allow":["GET"]}}],"collection":[{"href":"https:\/\/www.anlux.hu\/index.php?rest_route=\/wp\/v2\/product"}],"about":[{"href":"https:\/\/www.anlux.hu\/index.php?rest_route=\/wp\/v2\/types\/product"}],"wp:featuredmedia":[{"embeddable":true,"href":"https:\/\/www.anlux.hu\/index.php?rest_route=\/wp\/v2\/media\/3506"}],"wp:attachment":[{"href":"https:\/\/www.anlux.hu\/index.php?rest_route=%2Fwp%2Fv2%2Fmedia&parent=14218"}],"wp:term":[{"taxonomy":"product_brand","embeddable":true,"href":"https:\/\/www.anlux.hu\/index.php?rest_route=%2Fwp%2Fv2%2Fproduct_brand&post=14218"},{"taxonomy":"product_cat","embeddable":true,"href":"https:\/\/www.anlux.hu\/index.php?rest_route=%2Fwp%2Fv2%2Fproduct_cat&post=14218"},{"taxonomy":"product_tag","embeddable":true,"href":"https:\/\/www.anlux.hu\/index.php?rest_route=%2Fwp%2Fv2%2Fproduct_tag&post=14218"}],"curies":[{"name":"wp","href":"https:\/\/api.w.org\/{rel}","templated":true}]}}