{"id":15959,"date":"2021-12-12T18:43:35","date_gmt":"2021-12-12T17:43:35","guid":{"rendered":"http:\/\/anlux.localdev\/?post_type=product&#038;p=15959"},"modified":"2021-12-12T19:51:10","modified_gmt":"2021-12-12T18:51:10","slug":"savrolo","status":"publish","type":"product","link":"https:\/\/www.anlux.hu\/?product=savrolo","title":{"rendered":"S\u00e1vrol\u00f3"},"content":{"rendered":"<p>[vc_row][vc_column width=&#8221;1\/2&#8243;][vc_column_text]<\/p>\n<h4>S\u00e1vrol\u00f3 t\u00edpusok<\/h4>\n<ul>\n<li>kis tokos, dekor l\u00e1bbal k\u00e9sz\u00fclt (tengely: 16mm)<\/li>\n<li>nagy tokos (tengely: 38mm)<\/li>\n<li>tok n\u00e9lk\u00fcli (tengely: 32mm)<\/li>\n<\/ul>\n<p>[\/vc_column_text][\/vc_column][vc_column width=&#8221;1\/2&#8243;][vc_column_text]<\/p>\n<h4>M\u00e9rethat\u00e1rok<\/h4>\n<p align=\"justify\">Sz\u00e9less\u00e9g:<\/p>\n<ul>\n<li>max. 250cm<\/li>\n<\/ul>\n<p align=\"justify\">Magass\u00e1g:<\/p>\n<ul>\n<li>kis tokos: max. 135cm<\/li>\n<li>nagy tokos: max. 260cm<\/li>\n<li>tok n\u00e9lk\u00fcli: max. 260cm<\/li>\n<\/ul>\n<p>[\/vc_column_text][\/vc_column][\/vc_row]<\/p>\n","protected":false},"excerpt":{"rendered":"<p>A mai kor egyik legmodernebb, minim\u00e1l st\u00edlus\u00fa \u00e1rny\u00e9kol\u00f3ja. K\u00fcl\u00f6nlegess\u00e9ge a k\u00e9t egym\u00e1s el\u0151tt mozgatott \u2013 f\u00e9ny\u00e1tereszt\u0151 \u00e9s f\u00e9nyz\u00e1r\u00f3- s\u00e1vok v\u00e1ltakoztat\u00e1s\u00e1ban rejlik. K\u00f6nnyed\u00e9n szab\u00e1lyozhat\u00f3 a be\u00e1raml\u00f3 f\u00e9ny, vagy ig\u00e9ny szerint ak\u00e1r teljesen ki is z\u00e1rhat\u00f3. Lehet\u0151s\u00e9g van az anyag teljes felcs\u00e9v\u00e9l\u00e9s\u00e9re, illetve motoriz\u00e1l\u00e1s\u00e1ra is. Ny\u00edl\u00e1sz\u00e1r\u00f3ra, oldalfalra \u00e9s mennyezetre egyar\u00e1nt szerelhet\u0151ek, ez\u00e1ltal korl\u00e1tozott helyig\u00e9ny eset\u00e9n is a legjobb v\u00e1laszt\u00e1s lehet.\u00a0[vc_row][vc_column][wvc_content_block id=\"15953\"][\/vc_column][\/vc_row]<\/p>\n","protected":false},"featured_media":1758,"template":"","meta":[],"product_brand":[],"product_cat":[121],"product_tag":[],"class_list":{"0":"post-15959","1":"product","2":"type-product","3":"status-publish","4":"has-post-thumbnail","6":"product_cat-belso-arnyekolok","7":"entry-post-skin-light","8":"entry-product-has-gallery","9":"entry","10":"clearfix","11":"entry-grid","12":"entry-columns-4","13":"entry-product-module-layout-standard","14":"thumbnail-color-tone-dark","15":"entry-product","17":"entry-product-grid","19":"first","20":"instock","21":"shipping-taxable","22":"product-type-simple"},"_links":{"self":[{"href":"https:\/\/www.anlux.hu\/index.php?rest_route=\/wp\/v2\/product\/15959","targetHints":{"allow":["GET"]}}],"collection":[{"href":"https:\/\/www.anlux.hu\/index.php?rest_route=\/wp\/v2\/product"}],"about":[{"href":"https:\/\/www.anlux.hu\/index.php?rest_route=\/wp\/v2\/types\/product"}],"wp:featuredmedia":[{"embeddable":true,"href":"https:\/\/www.anlux.hu\/index.php?rest_route=\/wp\/v2\/media\/1758"}],"wp:attachment":[{"href":"https:\/\/www.anlux.hu\/index.php?rest_route=%2Fwp%2Fv2%2Fmedia&parent=15959"}],"wp:term":[{"taxonomy":"product_brand","embeddable":true,"href":"https:\/\/www.anlux.hu\/index.php?rest_route=%2Fwp%2Fv2%2Fproduct_brand&post=15959"},{"taxonomy":"product_cat","embeddable":true,"href":"https:\/\/www.anlux.hu\/index.php?rest_route=%2Fwp%2Fv2%2Fproduct_cat&post=15959"},{"taxonomy":"product_tag","embeddable":true,"href":"https:\/\/www.anlux.hu\/index.php?rest_route=%2Fwp%2Fv2%2Fproduct_tag&post=15959"}],"curies":[{"name":"wp","href":"https:\/\/api.w.org\/{rel}","templated":true}]}}