{"id":15969,"date":"2021-12-12T21:58:52","date_gmt":"2021-12-12T20:58:52","guid":{"rendered":"http:\/\/anlux.localdev\/?post_type=product&#038;p=15969"},"modified":"2021-12-12T21:58:52","modified_gmt":"2021-12-12T20:58:52","slug":"mobil-szunyoghalo","status":"publish","type":"product","link":"https:\/\/www.anlux.hu\/?product=mobil-szunyoghalo","title":{"rendered":"Mobil sz\u00fanyogh\u00e1l\u00f3"},"content":{"rendered":"<p>[vc_row][vc_column][vc_column_text]<strong>Mi\u00e9rt aj\u00e1nljuk?<\/strong><\/p>\n<ul>\n<li>kompakt szerkezet<\/li>\n<li>szezonon k\u00edv\u00fcl felh\u00fazott \u00e1llapotban diszkr\u00e9ten belesimul a k\u00f6rnyezetbe<\/li>\n<li>k\u00fcls\u0151 \u00e1rny\u00e9kol\u00f3k tokszerkezet\u00e9be be\u00e9p\u00edtve a lehet\u0151 legjobb v\u00e1laszt\u00e1s a rovarv\u00e9delemre, mivel k\u00f6lts\u00e9ghat\u00e9kony, kompakt, eszt\u00e9tikus.<\/li>\n<li>gazdag sz\u00ednv\u00e1laszt\u00e9k<\/li>\n<\/ul>\n<p>[\/vc_column_text][vc_column_text][\/vc_column_text][\/vc_column][\/vc_row]<\/p>\n","protected":false},"excerpt":{"rendered":"<p>Kompakt szerkezet. Szezonon k\u00edv\u00fcl felh\u00fazott \u00e1llapotban diszkr\u00e9ten belesimul a k\u00f6rnyezetbe \u00e9s gazdag sz\u00ednv\u00e1laszt\u00e9k.<\/p>\n<p align=\"justify\">Az alum\u00ednium bord\u00e1stengelyre feltekert \u00fcvegsz\u00e1las h\u00e1l\u00f3t, a hengerbe megfelel\u0151en el\u0151fesz\u00edtett csavarrug\u00f3 v\u00e9gzi. A rendszer t\u00f6k\u00e9letes v\u00e9delm\u00e9t a rovarok ellen a s\u00ednben elhelyezett kef\u00e9k biztos\u00edtj\u00e1k. Ablakra szerelt rovarh\u00e1l\u00f3n\u00e1l a h\u00e1l\u00f3 r\u00f6gz\u00edt\u00e9se a szerkezet alj\u00e1n l\u00e9v\u0151 alum\u00ednium profilok (h\u00e1l\u00f3 akaszt\u00f3, fix akaszt\u00f3) t\u00f6rt\u00e9nik. Ajt\u00f3 eset\u00e9ben pedig a r\u00f6gz\u00edt\u00e9st m\u00e1gnessel, illetve akaszt\u00f3val biztos\u00edtjuk.[vc_row][vc_column][wvc_content_block id=\"15953\"][\/vc_column][\/vc_row]<\/p>\n","protected":false},"featured_media":3573,"template":"","meta":[],"product_brand":[],"product_cat":[125],"product_tag":[],"class_list":{"0":"post-15969","1":"product","2":"type-product","3":"status-publish","4":"has-post-thumbnail","6":"product_cat-szunyoghalok","7":"entry-post-skin-light","8":"entry-product-has-gallery","9":"entry","10":"clearfix","11":"entry-grid","12":"entry-columns-4","13":"entry-product-module-layout-standard","14":"thumbnail-color-tone-dark","15":"metro-portrait","16":"entry-product","18":"entry-product-grid","20":"first","21":"instock","22":"shipping-taxable","23":"product-type-simple"},"_links":{"self":[{"href":"https:\/\/www.anlux.hu\/index.php?rest_route=\/wp\/v2\/product\/15969","targetHints":{"allow":["GET"]}}],"collection":[{"href":"https:\/\/www.anlux.hu\/index.php?rest_route=\/wp\/v2\/product"}],"about":[{"href":"https:\/\/www.anlux.hu\/index.php?rest_route=\/wp\/v2\/types\/product"}],"wp:featuredmedia":[{"embeddable":true,"href":"https:\/\/www.anlux.hu\/index.php?rest_route=\/wp\/v2\/media\/3573"}],"wp:attachment":[{"href":"https:\/\/www.anlux.hu\/index.php?rest_route=%2Fwp%2Fv2%2Fmedia&parent=15969"}],"wp:term":[{"taxonomy":"product_brand","embeddable":true,"href":"https:\/\/www.anlux.hu\/index.php?rest_route=%2Fwp%2Fv2%2Fproduct_brand&post=15969"},{"taxonomy":"product_cat","embeddable":true,"href":"https:\/\/www.anlux.hu\/index.php?rest_route=%2Fwp%2Fv2%2Fproduct_cat&post=15969"},{"taxonomy":"product_tag","embeddable":true,"href":"https:\/\/www.anlux.hu\/index.php?rest_route=%2Fwp%2Fv2%2Fproduct_tag&post=15969"}],"curies":[{"name":"wp","href":"https:\/\/api.w.org\/{rel}","templated":true}]}}