{"id":15972,"date":"2021-12-12T23:23:21","date_gmt":"2021-12-12T22:23:21","guid":{"rendered":"http:\/\/anlux.localdev\/?post_type=product&#038;p=15972"},"modified":"2022-02-04T11:24:39","modified_gmt":"2022-02-04T10:24:39","slug":"kapcsolos-nhk-motorok","status":"publish","type":"product","link":"https:\/\/www.anlux.hu\/?product=kapcsolos-nhk-motorok","title":{"rendered":"Kapcsol\u00f3s NHK motorok"},"content":{"rendered":"<p>[vc_row][vc_column][vc_accordion][vc_accordion_tab title=&#8221;DM45 M&#8221;][vc_column_text]Kapcsol\u00f3s cs\u0151motor, 60-70 \u00d8 \u00e9s 68 \u00d8 tengelyekhez, mechanikus v\u00e9g\u00e1ll\u00e1skapcsol\u00f3val, t\u00falmeleged\u00e9s elleni v\u00e9delemmel, k\u00e9z hajt\u00f3karral (NHK).<\/p>\n<p><strong>Alaptartoz\u00e9kok:<\/strong> felfogat\u00f3 konzol, v\u00e9g\u00e1ll\u00e1s be\u00e1ll\u00edt\u00f3 p\u00e1lca, adapter \u00e9s meneszt\u0151 60-70 \u00d8 vagy 68 \u00d8 tengelyhez, 1 m k\u00e1bel, k\u00e9zi kurbliszem.<\/p>\n<p><strong>Felhaszn\u00e1lhat\u00f3s\u00e1g:<\/strong> red\u0151ny\u00f6k, napellenz\u0151k, gar\u00e1zskapuk.[\/vc_column_text][vc_column_text]<\/p>\n<table>\n<tbody>\n<tr>\n<th>Forgat\u00f3 nyomat\u00e9k (Nm)<\/th>\n<th>Fordulat-sz\u00e1m (rpm)<\/th>\n<th>Motor \u00e1tm\u00e9r\u0151 (mm)<\/th>\n<th>Fezs\u00fclts\u00e9g ig\u00e9ny (V)<\/th>\n<th>Frekvencia (Hz)<\/th>\n<th>Teljes\u00edtm\u00e9ny (W)<\/th>\n<th>\u00c1ram felv\u00e9tel (A)<\/th>\n<th>M\u0171k\u00f6d\u00e9si id\u0151 MAX! (perc)<\/th>\n<th>Motor t\u00f6m\u00edtetts\u00e9ge (IP)<\/th>\n<th>Maximum ford. sz\u00e1m (turnus)<\/th>\n<\/tr>\n<tr>\n<td>\u00a050<\/td>\n<td>\u00a012<\/td>\n<td>\u00a045<\/td>\n<td>\u00a0230<\/td>\n<td>\u00a050<\/td>\n<td>\u00a0205<\/td>\n<td>0,89<\/td>\n<td>\u00a04<\/td>\n<td>\u00a0IP44<\/td>\n<td>\u00a022<\/td>\n<\/tr>\n<tr>\n<td>\u00a060<\/td>\n<td>\u00a08<\/td>\n<td>\u00a045<\/td>\n<td>\u00a0230<\/td>\n<td>\u00a050<\/td>\n<td>\u00a0208<\/td>\n<td>\u00a00,92<\/td>\n<td>\u00a04<\/td>\n<td>\u00a0IP44<\/td>\n<td>\u00a022<\/td>\n<\/tr>\n<\/tbody>\n<\/table>\n<p>[\/vc_column_text][\/vc_accordion_tab][vc_accordion_tab title=&#8221;DM55 M&#8221;][vc_column_text]Kapcsol\u00f3s cs\u0151motor, 70 \u00d8 \u00e9s 78 \u00d8 tengelyekhez, mechanikus v\u00e9g\u00e1ll\u00e1skapcsol\u00f3val, t\u00falmeleged\u00e9s elleni v\u00e9delemmel, k\u00e9z hajt\u00f3karral (NHK).<\/p>\n<p><strong>Alaptartoz\u00e9kok:<\/strong> felfogat\u00f3 konzol, v\u00e9g\u00e1ll\u00e1s be\u00e1ll\u00edt\u00f3 p\u00e1lca, adapter \u00e9s meneszt\u0151 70 \u00d8 vagy 78 \u00d8 tengelyhez, 1 m k\u00e1bel, k\u00e9zi kurbliszem.<\/p>\n<p><strong>Felhaszn\u00e1lhat\u00f3s\u00e1g:<\/strong> napellenz\u0151k, gar\u00e1zskapuk.[\/vc_column_text][vc_column_text]<\/p>\n<table>\n<tbody>\n<tr>\n<th>Forgat\u00f3 nyomat\u00e9k (Nm)<\/th>\n<th>Fordulat-sz\u00e1m (rpm)<\/th>\n<th>Motor \u00e1tm\u00e9r\u0151 (mm)<\/th>\n<th>Fezs\u00fclts\u00e9g ig\u00e9ny (V)<\/th>\n<th>Frekvencia (Hz)<\/th>\n<th>Teljes\u00edtm\u00e9ny (W)<\/th>\n<th>\u00c1ram felv\u00e9tel (A)<\/th>\n<th>M\u0171k\u00f6d\u00e9si id\u0151 MAX! (perc)<\/th>\n<th>Motor t\u00f6m\u00edtetts\u00e9ge (IP)<\/th>\n<th>Maximum ford. sz\u00e1m (turnus)<\/th>\n<\/tr>\n<tr>\n<td>\u00a060<\/td>\n<td>\u00a012<\/td>\n<td>\u00a055<\/td>\n<td>\u00a0230<\/td>\n<td>\u00a050<\/td>\n<td>\u00a0320<\/td>\n<td>1,39<\/td>\n<td>\u00a04<\/td>\n<td>\u00a0IP44<\/td>\n<td>\u00a022<\/td>\n<\/tr>\n<tr>\n<td>\u00a0100<\/td>\n<td>\u00a010<\/td>\n<td>\u00a055<\/td>\n<td>\u00a0230<\/td>\n<td>\u00a050<\/td>\n<td>\u00a0385<\/td>\n<td>\u00a01,68<\/td>\n<td>\u00a04<\/td>\n<td>\u00a0IP44<\/td>\n<td>\u00a022<\/td>\n<\/tr>\n<\/tbody>\n<\/table>\n<p>[\/vc_column_text][\/vc_accordion_tab][vc_accordion_tab title=&#8221;DM59 M&#8221;][vc_column_text]Kapcsol\u00f3s cs\u0151motor, 70 \u00d8 \u00e9s 78 \u00d8 tengelyekhez, mechanikus v\u00e9g\u00e1ll\u00e1skapcsol\u00f3val, t\u00falmeleged\u00e9s elleni v\u00e9delemmel, k\u00e9z hajt\u00f3karral (NHK).<\/p>\n<p><strong>Alaptartoz\u00e9kok:<\/strong> felfogat\u00f3 konzol, v\u00e9g\u00e1ll\u00e1s be\u00e1ll\u00edt\u00f3 p\u00e1lca, adapter \u00e9s meneszt\u0151 70 \u00d8 vagy 78 \u00d8 tengelyhez, 1 m k\u00e1bel, k\u00e9zi kurbliszem.<\/p>\n<p><strong>Felhaszn\u00e1lhat\u00f3s\u00e1g:<\/strong> napellenz\u0151k, gar\u00e1zskapuk.[\/vc_column_text][vc_column_text]<\/p>\n<table>\n<tbody>\n<tr>\n<th>Forgat\u00f3 nyomat\u00e9k (Nm)<\/th>\n<th>Fordulat-sz\u00e1m (rpm)<\/th>\n<th>Motor \u00e1tm\u00e9r\u0151 (mm)<\/th>\n<th>Fezs\u00fclts\u00e9g ig\u00e9ny (V)<\/th>\n<th>Frekvencia (Hz)<\/th>\n<th>Teljes\u00edtm\u00e9ny (W)<\/th>\n<th>\u00c1ram felv\u00e9tel (A)<\/th>\n<th>M\u0171k\u00f6d\u00e9si id\u0151 MAX! (perc)<\/th>\n<th>Motor t\u00f6m\u00edtetts\u00e9ge (IP)<\/th>\n<th>Maximum ford. sz\u00e1m (turnus)<\/th>\n<\/tr>\n<tr>\n<td>\u00a060<\/td>\n<td>\u00a015<\/td>\n<td>\u00a059<\/td>\n<td>\u00a0230<\/td>\n<td>\u00a050<\/td>\n<td>\u00a0310<\/td>\n<td>1,35<\/td>\n<td>\u00a04<\/td>\n<td>\u00a0IP44<\/td>\n<td>\u00a022<\/td>\n<\/tr>\n<tr>\n<td>\u00a080<\/td>\n<td>\u00a015<\/td>\n<td>\u00a059<\/td>\n<td>\u00a0230<\/td>\n<td>\u00a050<\/td>\n<td>\u00a0330<\/td>\n<td>\u00a01,43<\/td>\n<td>\u00a04<\/td>\n<td>\u00a0IP44<\/td>\n<td>\u00a022<\/td>\n<\/tr>\n<tr>\n<td>\u00a0100<\/td>\n<td>\u00a012<\/td>\n<td>\u00a059<\/td>\n<td>\u00a0230<\/td>\n<td>50<\/td>\n<td>\u00a0340<\/td>\n<td>1,52<\/td>\n<td>\u00a04<\/td>\n<td>\u00a0IP44<\/td>\n<td>\u00a022<\/td>\n<\/tr>\n<\/tbody>\n<\/table>\n<p>[\/vc_column_text][\/vc_accordion_tab][\/vc_accordion][\/vc_column][\/vc_row]<\/p>\n","protected":false},"excerpt":{"rendered":"<p>Fali kapcsol\u00f3val vez\u00e9relhet\u0151 cs\u0151motorok[vc_row][vc_column][wvc_content_block id=\"15953\"][\/vc_column][\/vc_row]<\/p>\n","protected":false},"featured_media":16260,"template":"","meta":[],"product_brand":[],"product_cat":[129],"product_tag":[],"class_list":{"0":"post-15972","1":"product","2":"type-product","3":"status-publish","4":"has-post-thumbnail","6":"product_cat-motorok","7":"entry-post-skin-light","8":"entry","9":"clearfix","10":"entry-grid","11":"entry-columns-4","12":"entry-product-module-layout-standard","13":"thumbnail-color-tone-dark","14":"entry-product","16":"entry-product-grid","18":"first","19":"instock","20":"shipping-taxable","21":"product-type-simple"},"_links":{"self":[{"href":"https:\/\/www.anlux.hu\/index.php?rest_route=\/wp\/v2\/product\/15972","targetHints":{"allow":["GET"]}}],"collection":[{"href":"https:\/\/www.anlux.hu\/index.php?rest_route=\/wp\/v2\/product"}],"about":[{"href":"https:\/\/www.anlux.hu\/index.php?rest_route=\/wp\/v2\/types\/product"}],"wp:featuredmedia":[{"embeddable":true,"href":"https:\/\/www.anlux.hu\/index.php?rest_route=\/wp\/v2\/media\/16260"}],"wp:attachment":[{"href":"https:\/\/www.anlux.hu\/index.php?rest_route=%2Fwp%2Fv2%2Fmedia&parent=15972"}],"wp:term":[{"taxonomy":"product_brand","embeddable":true,"href":"https:\/\/www.anlux.hu\/index.php?rest_route=%2Fwp%2Fv2%2Fproduct_brand&post=15972"},{"taxonomy":"product_cat","embeddable":true,"href":"https:\/\/www.anlux.hu\/index.php?rest_route=%2Fwp%2Fv2%2Fproduct_cat&post=15972"},{"taxonomy":"product_tag","embeddable":true,"href":"https:\/\/www.anlux.hu\/index.php?rest_route=%2Fwp%2Fv2%2Fproduct_tag&post=15972"}],"curies":[{"name":"wp","href":"https:\/\/api.w.org\/{rel}","templated":true}]}}